{"id":9,"date":"2025-09-11T10:46:01","date_gmt":"2025-09-11T10:46:01","guid":{"rendered":"https:\/\/untruckavousdire.fr\/?page_id=9"},"modified":"2025-10-08T11:32:36","modified_gmt":"2025-10-08T11:32:36","slug":"home","status":"publish","type":"page","link":"https:\/\/untruckavousdire.fr\/","title":{"rendered":"HOME"},"content":{"rendered":"\t\t<div data-elementor-type=\"wp-page\" data-elementor-id=\"9\" class=\"elementor elementor-9\">\n\t\t\t\t<div class=\"elementor-element elementor-element-461de69 e-flex e-con-boxed wpr-particle-no wpr-jarallax-no wpr-parallax-no wpr-sticky-section-no e-con e-parent\" data-id=\"461de69\" data-element_type=\"container\">\n\t\t\t\t\t<div class=\"e-con-inner\">\n\t\t\t\t<div class=\"elementor-element elementor-element-5e03bf9 wpr-advanced-text-style-animated wpr-fancy-text-typing wpr-animated-text-infinite-yes elementor-widget elementor-widget-wpr-advanced-text\" data-id=\"5e03bf9\" data-element_type=\"widget\" data-settings=\"{&quot;anim_loop&quot;:&quot;yes&quot;}\" data-widget_type=\"wpr-advanced-text.default\">\n\t\t\t\t\t\n\t\t<h3 class=\"wpr-advanced-text\">\n\n\t\t\t\t\t\n\t\t\t\n\t\t<span class=\"wpr-anim-text wpr-anim-text-type-typing wpr-anim-text-letters\" data-anim-duration=\"200,2000\" data-anim-loop=\"yes\">\n\t\t\t<span class=\"wpr-anim-text-inner\">\n\t\t\t\t\t\t\t\t\t<b>BIENVENUE<\/b>\n\t\t\t\t\t\t\t<\/span>\n\t\t\t<span class=\"wpr-anim-text-cursor\">|<\/span>\t\t<\/span>\n\n\t\t\t\t\n\t\t<\/h3>\n\t\t\n\t\t\t\t\t\t<\/div>\n\t\t\t\t\t<\/div>\n\t\t\t\t<\/div>\n\t\t<div class=\"elementor-element elementor-element-53cda5b e-con-full e-flex wpr-particle-no wpr-jarallax-no wpr-parallax-no wpr-sticky-section-no e-con e-parent\" data-id=\"53cda5b\" data-element_type=\"container\" data-settings=\"{&quot;background_background&quot;:&quot;classic&quot;}\">\n\t\t\t\t<div class=\"elementor-element elementor-element-ae40570 elementor-widget elementor-widget-spacer\" data-id=\"ae40570\" data-element_type=\"widget\" data-widget_type=\"spacer.default\">\n\t\t\t\t\t\t\t<div class=\"elementor-spacer\">\n\t\t\t<div class=\"elementor-spacer-inner\"><\/div>\n\t\t<\/div>\n\t\t\t\t\t\t<\/div>\n\t\t\t\t<\/div>\n\t\t<div class=\"elementor-element elementor-element-365bd50 e-flex e-con-boxed wpr-particle-no wpr-jarallax-no wpr-parallax-no wpr-sticky-section-no e-con e-parent\" data-id=\"365bd50\" data-element_type=\"container\">\n\t\t\t\t\t<div class=\"e-con-inner\">\n\t\t\t\t<div class=\"elementor-element elementor-element-2caa0da elementor-widget elementor-widget-video\" data-id=\"2caa0da\" data-element_type=\"widget\" data-settings=\"{&quot;youtube_url&quot;:&quot;https:\\\/\\\/youtu.be\\\/97wKPIpdlNM&quot;,&quot;video_type&quot;:&quot;youtube&quot;,&quot;controls&quot;:&quot;yes&quot;}\" data-widget_type=\"video.default\">\n\t\t\t\t\t\t\t<div class=\"elementor-wrapper elementor-open-inline\">\n\t\t\t<div class=\"elementor-video\"><\/div>\t\t<\/div>\n\t\t\t\t\t\t<\/div>\n\t\t\t\t\t<\/div>\n\t\t\t\t<\/div>\n\t\t<div class=\"elementor-element elementor-element-c672334 e-flex e-con-boxed wpr-particle-no wpr-jarallax-no wpr-parallax-no wpr-sticky-section-no e-con e-parent\" data-id=\"c672334\" data-element_type=\"container\">\n\t\t\t\t\t<div class=\"e-con-inner\">\n\t\t\t\t<div class=\"elementor-element elementor-element-f0c6f04 elementor-widget elementor-widget-heading\" data-id=\"f0c6f04\" data-element_type=\"widget\" data-widget_type=\"heading.default\">\n\t\t\t\t\t<h4 class=\"elementor-heading-title elementor-size-default\">[CESAR] #%%%#\/\/:\/_\"7\"_<span style=\"font-size: 1.25rem\">#%%%#\/\/:\/<\/span>\n\n<\/h4>\t\t\t\t<\/div>\n\t\t\t\t<div class=\"elementor-element elementor-element-df72b58 elementor-widget elementor-widget-text-editor\" data-id=\"df72b58\" data-element_type=\"widget\" data-widget_type=\"text-editor.default\">\n\t\t\t\t\t\t\t\t\t<div id=\"expanded\" class=\"style-scope ytd-text-inline-expander\"><strong><span class=\"yt-core-attributed-string yt-core-attributed-string--white-space-pre-wrap\" dir=\"auto\" role=\"text\"><span class=\"yt-core-attributed-string--link-inherit-color\" dir=\"auto\">Soyez attentif, rien n&#8217;est laiss\u00e9 au hasard dans cette mission&#8230;<\/span><\/span><\/strong><\/div><div>\u00a0<\/div><div><span class=\"yt-core-attributed-string--link-inherit-color\" dir=\"auto\">[2025-09-12 <\/span><span class=\"yt-core-attributed-string--link-inherit-color\" dir=\"auto\">14:03:21<\/span><span class=\"yt-core-attributed-string--link-inherit-color\" dir=\"auto\">] EnvoyeSp\u00e9cial\\SERVER INIT SEQUENCE&#8230; <\/span><\/div><div><span class=\"yt-core-attributed-string--link-inherit-color\" dir=\"auto\">[2025-09-12 <\/span><span class=\"yt-core-attributed-string--link-inherit-color\" dir=\"auto\">14:03:21<\/span><span class=\"yt-core-attributed-string--link-inherit-color\" dir=\"auto\">] LOADER: V\u00e9rification des certificats&#8230; <\/span><span class=\"yt-core-attributed-string--link-inherit-color\" dir=\"auto\" style=\"font-size: 16px;\">OK <\/span><\/div><div><span class=\"yt-core-attributed-string--link-inherit-color\" dir=\"auto\" style=\"font-size: 16px;\">[2025-09-12 <\/span><span class=\"yt-core-attributed-string--link-inherit-color\" dir=\"auto\" style=\"font-size: 16px;\">14:03:21<\/span><span class=\"yt-core-attributed-string--link-inherit-color\" dir=\"auto\" style=\"font-size: 16px;\">] LOADER: Restauration des fragments de cl\u00e9 (0\/28)&#8230; <\/span><\/div><div><span class=\"yt-core-attributed-string--link-inherit-color\" dir=\"auto\" style=\"font-size: 16px;\">[2025-09-12 <\/span><span class=\"yt-core-attributed-string--link-inherit-color\" dir=\"auto\" style=\"font-size: 16px;\">14:03:21<\/span><span class=\"yt-core-attributed-string--link-inherit-color\" dir=\"auto\" style=\"font-size: 16px;\">] LOADER: Restauration partielle -7\/28 <\/span><\/div><div><span class=\"yt-core-attributed-string--link-inherit-color\" dir=\"auto\" style=\"font-size: 16px;\">[2025-09-12 <\/span><span class=\"yt-core-attributed-string--link-inherit-color\" dir=\"auto\" style=\"font-size: 16px;\">14:03:21<\/span><span class=\"yt-core-attributed-string--link-inherit-color\" dir=\"auto\" style=\"font-size: 16px;\">] WARNING: Fragment &#8220;7&#8221; corrompu ou inaccessible. <\/span><\/div><div><span class=\"yt-core-attributed-string--link-inherit-color\" dir=\"auto\" style=\"font-size: 16px;\">[2025-09-12 <\/span><span class=\"yt-core-attributed-string--link-inherit-color\" dir=\"auto\" style=\"font-size: 16px;\">14:03:21<\/span><span class=\"yt-core-attributed-string--link-inherit-color\" dir=\"auto\" style=\"font-size: 16px;\">] ERROR 0xDEADBEAF: CHARGEMENT INTERROMPU &#8211; ACC\u00c8S BLOQU\u00c9. !!!! <\/span><\/div><div>\u00a0<\/div>\t\t\t\t\t\t\t\t<\/div>\n\t\t\t\t\t<\/div>\n\t\t\t\t<\/div>\n\t\t\t\t<\/div>\n\t\t","protected":false},"excerpt":{"rendered":"<p>BIENVENUE | https:\/\/youtu.be\/97wKPIpdlNM [CESAR] #%%%#\/\/:\/_&#8221;7&#8243;_#%%%#\/\/:\/ Soyez attentif, rien n&#8217;est laiss\u00e9 au hasard dans cette mission&#8230;\u00a0[2025-09-12 14:03:21] EnvoyeSp\u00e9cialSERVER INIT SEQUENCE&#8230; [2025-09-12 14:03:21] LOADER: V\u00e9rification des certificats&#8230; OK [2025-09-12 14:03:21] LOADER: Restauration des fragments de cl\u00e9 (0\/28)&#8230; [2025-09-12 14:03:21] LOADER: Restauration partielle -7\/28 [2025-09-12 14:03:21] WARNING: Fragment &#8220;7&#8221; corrompu ou inaccessible. [2025-09-12 14:03:21] ERROR 0xDEADBEAF: CHARGEMENT INTERROMPU &#8211; ACC\u00c8S BLOQU\u00c9. !!!! \u00a0<\/p>\n","protected":false},"author":1,"featured_media":0,"parent":0,"menu_order":0,"comment_status":"closed","ping_status":"closed","template":"elementor_canvas","meta":{"site-sidebar-layout":"no-sidebar","site-content-layout":"","ast-site-content-layout":"full-width-container","site-content-style":"default","site-sidebar-style":"default","ast-global-header-display":"","ast-banner-title-visibility":"","ast-main-header-display":"","ast-hfb-above-header-display":"","ast-hfb-below-header-display":"","ast-hfb-mobile-header-display":"","site-post-title":"","ast-breadcrumbs-content":"","ast-featured-img":"disabled","footer-sml-layout":"","theme-transparent-header-meta":"","adv-header-id-meta":"","stick-header-meta":"","header-above-stick-meta":"","header-main-stick-meta":"","header-below-stick-meta":"","astra-migrate-meta-layouts":"default","ast-page-background-enabled":"default","ast-page-background-meta":{"desktop":{"background-color":"var(--ast-global-color-5)","background-image":"","background-repeat":"repeat","background-position":"center center","background-size":"auto","background-attachment":"scroll","background-type":"","background-media":"","overlay-type":"","overlay-color":"","overlay-opacity":"","overlay-gradient":""},"tablet":{"background-color":"","background-image":"","background-repeat":"repeat","background-position":"center center","background-size":"auto","background-attachment":"scroll","background-type":"","background-media":"","overlay-type":"","overlay-color":"","overlay-opacity":"","overlay-gradient":""},"mobile":{"background-color":"","background-image":"","background-repeat":"repeat","background-position":"center center","background-size":"auto","background-attachment":"scroll","background-type":"","background-media":"","overlay-type":"","overlay-color":"","overlay-opacity":"","overlay-gradient":""}},"ast-content-background-meta":{"desktop":{"background-color":"var(--ast-global-color-4)","background-image":"","background-repeat":"repeat","background-position":"center center","background-size":"auto","background-attachment":"scroll","background-type":"","background-media":"","overlay-type":"","overlay-color":"","overlay-opacity":"","overlay-gradient":""},"tablet":{"background-color":"var(--ast-global-color-4)","background-image":"","background-repeat":"repeat","background-position":"center center","background-size":"auto","background-attachment":"scroll","background-type":"","background-media":"","overlay-type":"","overlay-color":"","overlay-opacity":"","overlay-gradient":""},"mobile":{"background-color":"var(--ast-global-color-4)","background-image":"","background-repeat":"repeat","background-position":"center center","background-size":"auto","background-attachment":"scroll","background-type":"","background-media":"","overlay-type":"","overlay-color":"","overlay-opacity":"","overlay-gradient":""}},"footnotes":""},"class_list":["post-9","page","type-page","status-publish","hentry"],"_links":{"self":[{"href":"https:\/\/untruckavousdire.fr\/index.php\/wp-json\/wp\/v2\/pages\/9","targetHints":{"allow":["GET"]}}],"collection":[{"href":"https:\/\/untruckavousdire.fr\/index.php\/wp-json\/wp\/v2\/pages"}],"about":[{"href":"https:\/\/untruckavousdire.fr\/index.php\/wp-json\/wp\/v2\/types\/page"}],"author":[{"embeddable":true,"href":"https:\/\/untruckavousdire.fr\/index.php\/wp-json\/wp\/v2\/users\/1"}],"replies":[{"embeddable":true,"href":"https:\/\/untruckavousdire.fr\/index.php\/wp-json\/wp\/v2\/comments?post=9"}],"version-history":[{"count":73,"href":"https:\/\/untruckavousdire.fr\/index.php\/wp-json\/wp\/v2\/pages\/9\/revisions"}],"predecessor-version":[{"id":474,"href":"https:\/\/untruckavousdire.fr\/index.php\/wp-json\/wp\/v2\/pages\/9\/revisions\/474"}],"wp:attachment":[{"href":"https:\/\/untruckavousdire.fr\/index.php\/wp-json\/wp\/v2\/media?parent=9"}],"curies":[{"name":"wp","href":"https:\/\/api.w.org\/{rel}","templated":true}]}}